{"id":308,"date":"2024-04-23T11:14:18","date_gmt":"2024-04-23T11:14:18","guid":{"rendered":"https:\/\/oferradomarelo.com\/?page_id=308"},"modified":"2024-04-23T11:16:46","modified_gmt":"2024-04-23T11:16:46","slug":"politica-de-cookies","status":"publish","type":"page","link":"https:\/\/oferradomarelo.com\/index.php\/politica-de-cookies\/","title":{"rendered":"Pol\u00edtica de cookies"},"content":{"rendered":"\t\t<div data-elementor-type=\"wp-page\" data-elementor-id=\"308\" class=\"elementor elementor-308\">\n\t\t\t\t<div class=\"elementor-element elementor-element-c347530 e-con-full e-flex e-con e-parent\" data-id=\"c347530\" data-element_type=\"container\">\n\t\t\t\t<div class=\"elementor-element elementor-element-34b551e elementor-widget-divider--view-line elementor-widget elementor-widget-divider\" data-id=\"34b551e\" data-element_type=\"widget\" data-widget_type=\"divider.default\">\n\t\t\t\t<div class=\"elementor-widget-container\">\n\t\t\t\t\t\t\t<div class=\"elementor-divider\">\n\t\t\t<span class=\"elementor-divider-separator\">\n\t\t\t\t\t\t<\/span>\n\t\t<\/div>\n\t\t\t\t\t\t<\/div>\n\t\t\t\t<\/div>\n\t\t\t\t<\/div>\n\t\t<div class=\"elementor-element elementor-element-fe5e01b e-flex e-con-boxed e-con e-parent\" data-id=\"fe5e01b\" data-element_type=\"container\">\n\t\t\t\t\t<div class=\"e-con-inner\">\n\t\t\t\t<div class=\"elementor-element elementor-element-e6fc031 elementor-widget elementor-widget-spacer\" data-id=\"e6fc031\" data-element_type=\"widget\" data-widget_type=\"spacer.default\">\n\t\t\t\t<div class=\"elementor-widget-container\">\n\t\t\t\t\t\t\t<div class=\"elementor-spacer\">\n\t\t\t<div class=\"elementor-spacer-inner\"><\/div>\n\t\t<\/div>\n\t\t\t\t\t\t<\/div>\n\t\t\t\t<\/div>\n\t\t\t\t\t<\/div>\n\t\t\t\t<\/div>\n\t\t<div class=\"elementor-element elementor-element-e047439 elementor-hidden-mobile e-flex e-con-boxed e-con e-parent\" data-id=\"e047439\" data-element_type=\"container\">\n\t\t\t\t\t<div class=\"e-con-inner\">\n\t\t<div class=\"elementor-element elementor-element-b96cfce e-con-full e-flex e-con e-child\" data-id=\"b96cfce\" data-element_type=\"container\">\n\t\t\t\t<div class=\"elementor-element elementor-element-c66c8a5 elementor-invisible elementor-widget elementor-widget-image\" data-id=\"c66c8a5\" data-element_type=\"widget\" data-settings=\"{&quot;_animation&quot;:&quot;fadeInLeft&quot;}\" data-widget_type=\"image.default\">\n\t\t\t\t<div class=\"elementor-widget-container\">\n\t\t\t\t\t\t\t\t\t\t\t\t\t\t\t<img decoding=\"async\" src=\"https:\/\/oferradomarelo.com\/wp-content\/uploads\/2024\/01\/icono-gris-ferrado-marelo-e1706012445747.png\" title=\"icono-gris-ferrado-marelo\" alt=\"icono-gris-ferrado-marelo\" loading=\"lazy\" \/>\t\t\t\t\t\t\t\t\t\t\t\t\t\t\t<\/div>\n\t\t\t\t<\/div>\n\t\t\t\t<\/div>\n\t\t<div class=\"elementor-element elementor-element-b76fc1d e-con-full e-flex e-con e-child\" data-id=\"b76fc1d\" data-element_type=\"container\">\n\t\t\t\t<div class=\"elementor-element elementor-element-0cdfc1b elementor-invisible elementor-widget elementor-widget-text-editor\" data-id=\"0cdfc1b\" data-element_type=\"widget\" data-settings=\"{&quot;_animation&quot;:&quot;fadeInUp&quot;}\" data-widget_type=\"text-editor.default\">\n\t\t\t\t<div class=\"elementor-widget-container\">\n\t\t\t\t\t\t\t\t\t<h2 style=\"text-align: center;\"><span style=\"color: #000000;\">POL\u00cdTICA DE COOKIES<\/span><\/h2>\t\t\t\t\t\t\t\t<\/div>\n\t\t\t\t<\/div>\n\t\t\t\t<\/div>\n\t\t<div class=\"elementor-element elementor-element-d7c7b1b e-con-full e-flex e-con e-child\" data-id=\"d7c7b1b\" data-element_type=\"container\">\n\t\t\t\t<div class=\"elementor-element elementor-element-2bfd6ae elementor-invisible elementor-widget elementor-widget-image\" data-id=\"2bfd6ae\" data-element_type=\"widget\" data-settings=\"{&quot;_animation&quot;:&quot;fadeInRight&quot;}\" data-widget_type=\"image.default\">\n\t\t\t\t<div class=\"elementor-widget-container\">\n\t\t\t\t\t\t\t\t\t\t\t\t\t\t\t<img decoding=\"async\" src=\"https:\/\/oferradomarelo.com\/wp-content\/uploads\/2024\/01\/icono-gris-ferrado-marelo-e1706012445747.png\" title=\"icono-gris-ferrado-marelo\" alt=\"icono-gris-ferrado-marelo\" loading=\"lazy\" \/>\t\t\t\t\t\t\t\t\t\t\t\t\t\t\t<\/div>\n\t\t\t\t<\/div>\n\t\t\t\t<\/div>\n\t\t\t\t\t<\/div>\n\t\t\t\t<\/div>\n\t\t<div class=\"elementor-element elementor-element-aa01267 elementor-hidden-desktop elementor-hidden-tablet e-flex e-con-boxed e-con e-parent\" data-id=\"aa01267\" data-element_type=\"container\">\n\t\t\t\t\t<div class=\"e-con-inner\">\n\t\t<div class=\"elementor-element elementor-element-881a459 e-con-full e-flex e-con e-child\" data-id=\"881a459\" data-element_type=\"container\">\n\t\t\t\t<div class=\"elementor-element elementor-element-0d01069 elementor-invisible elementor-widget elementor-widget-image\" data-id=\"0d01069\" data-element_type=\"widget\" data-settings=\"{&quot;_animation&quot;:&quot;fadeInRight&quot;}\" data-widget_type=\"image.default\">\n\t\t\t\t<div class=\"elementor-widget-container\">\n\t\t\t\t\t\t\t\t\t\t\t\t\t\t\t<img decoding=\"async\" src=\"https:\/\/oferradomarelo.com\/wp-content\/uploads\/2024\/01\/icono-gris-ferrado-marelo-e1706012445747.png\" title=\"icono-gris-ferrado-marelo\" alt=\"icono-gris-ferrado-marelo\" loading=\"lazy\" \/>\t\t\t\t\t\t\t\t\t\t\t\t\t\t\t<\/div>\n\t\t\t\t<\/div>\n\t\t\t\t<\/div>\n\t\t<div class=\"elementor-element elementor-element-4cf93fd e-con-full e-flex e-con e-child\" data-id=\"4cf93fd\" data-element_type=\"container\">\n\t\t\t\t<div class=\"elementor-element elementor-element-694cec8 elementor-invisible elementor-widget elementor-widget-text-editor\" data-id=\"694cec8\" data-element_type=\"widget\" data-settings=\"{&quot;_animation&quot;:&quot;fadeInUp&quot;}\" data-widget_type=\"text-editor.default\">\n\t\t\t\t<div class=\"elementor-widget-container\">\n\t\t\t\t\t\t\t\t\t<p style=\"text-align: center;\"><span style=\"color: #000000;\">POL\u00cdTICA DE COOKIES<\/span><\/p>\t\t\t\t\t\t\t\t<\/div>\n\t\t\t\t<\/div>\n\t\t\t\t<\/div>\n\t\t<div class=\"elementor-element elementor-element-70ab41b e-con-full e-flex e-con e-child\" data-id=\"70ab41b\" data-element_type=\"container\">\n\t\t\t\t<div class=\"elementor-element elementor-element-a20349d elementor-invisible elementor-widget elementor-widget-image\" data-id=\"a20349d\" data-element_type=\"widget\" data-settings=\"{&quot;_animation&quot;:&quot;fadeInLeft&quot;}\" data-widget_type=\"image.default\">\n\t\t\t\t<div class=\"elementor-widget-container\">\n\t\t\t\t\t\t\t\t\t\t\t\t\t\t\t<img decoding=\"async\" src=\"https:\/\/oferradomarelo.com\/wp-content\/uploads\/2024\/01\/icono-gris-ferrado-marelo-e1706012445747.png\" title=\"icono-gris-ferrado-marelo\" alt=\"icono-gris-ferrado-marelo\" loading=\"lazy\" \/>\t\t\t\t\t\t\t\t\t\t\t\t\t\t\t<\/div>\n\t\t\t\t<\/div>\n\t\t\t\t<\/div>\n\t\t\t\t\t<\/div>\n\t\t\t\t<\/div>\n\t\t<div class=\"elementor-element elementor-element-66f0b37 e-flex e-con-boxed e-con e-parent\" data-id=\"66f0b37\" data-element_type=\"container\">\n\t\t\t\t\t<div class=\"e-con-inner\">\n\t\t\t\t<div class=\"elementor-element elementor-element-e7b1c96 elementor-widget elementor-widget-spacer\" data-id=\"e7b1c96\" data-element_type=\"widget\" data-widget_type=\"spacer.default\">\n\t\t\t\t<div class=\"elementor-widget-container\">\n\t\t\t\t\t\t\t<div class=\"elementor-spacer\">\n\t\t\t<div class=\"elementor-spacer-inner\"><\/div>\n\t\t<\/div>\n\t\t\t\t\t\t<\/div>\n\t\t\t\t<\/div>\n\t\t\t\t\t<\/div>\n\t\t\t\t<\/div>\n\t\t<div class=\"elementor-element elementor-element-8e5e67c e-flex e-con-boxed e-con e-parent\" data-id=\"8e5e67c\" data-element_type=\"container\">\n\t\t\t\t\t<div class=\"e-con-inner\">\n\t\t\t\t<div class=\"elementor-element elementor-element-fad3967 elementor-widget elementor-widget-text-editor\" data-id=\"fad3967\" data-element_type=\"widget\" data-widget_type=\"text-editor.default\">\n\t\t\t\t<div class=\"elementor-widget-container\">\n\t\t\t\t\t\t\t\t\t<p>Unha cookie \u00e9 un pequeno ficheiro de texto que se garda no seu navegador cando visita case calquera p\u00e1xina web. A s\u00faa utilidade \u00e9 que a web \u00e9 capaz de lembrar a s\u00faa visita cando navegue de novo por esa p\u00e1xina. As cookies adoitan almacenar informaci\u00f3n t\u00e9cnica, preferencias persoais, personalizaci\u00f3n de contidos, estat\u00edsticas de uso, ligaz\u00f3ns a redes sociais, acceso \u00e1s contas de usuarios, etc. O obxectivo da cookie \u00e9 adaptar o contido da web ao seu perfil e necesidades, sen cookies os servizos ofrecidos por calquera p\u00e1xina reducir\u00edanse significativamente. Se desexa ver m\u00e1is informaci\u00f3n sobre o que son as cookies, o que almacenan, como eliminalas, desactivalas, etc., acuda a esta ligaz\u00f3n.<\/p><p>Cookies utilizadas neste sitio web<br \/>Seguindo as directrices da Axencia Espa\u00f1ola de Protecci\u00f3n de Datos procedemos a detallar o uso de cookies realizado por este sitio web co fin de informalo coa maior exactitude posible.<\/p><p>Este sitio web usa as seguintes cookies:<\/p><p>Cookies de sesi\u00f3n, para garantir que os usuarios que escriben comentarios no blog son aplicaci\u00f3ns humanas e non automatizadas. Deste xeito, comb\u00e1tase o spam.<\/p><p>Este sitio web usa as seguintes cookies de terceiros:<\/p><p>Google Analytics: almacena cookies para poder recompilar estat\u00edsticas sobre o tr\u00e1fico e o volume de visitas a este sitio web. Ao usar este sitio web est\u00e1s a consentir o procesamento de informaci\u00f3n sobre ti por parte de Google. Polo tanto, o exercicio de calquera dereito ao respecto debe facerse comunic\u00e1ndose directamente con Google.<\/p><p>En calquera momento pode exercer o seu dereito a desactivar ou eliminar as cookies deste sitio web. Estas acci\u00f3ns real\u00edzanse de forma diferente segundo o navegador que estea a usar. Aqu\u00ed vos deixamos unha gu\u00eda r\u00e1pida para os navegadores m\u00e1is populares.<\/p><p>Notas adicionais<\/p><p>Nin este sitio web nin os seus representantes legais son responsables do contido ou da veracidade das pol\u00edticas de privacidade que poden ter terceiros mencionados nesta pol\u00edtica de cookies.<br \/>Os navegadores web son as ferramentas encargadas de almacenar cookies e desde este lugar debes exercer o teu dereito a eliminalas ou desactivalas. Nin este sitio web nin os seus representantes legais poden garantir a correcta ou incorrecta manipulaci\u00f3n das cookies por parte dos mencionados navegadores.<\/p><p>Nalg\u00fans casos \u00e9 necesario instalar cookies para que o navegador non esqueza a s\u00faa decisi\u00f3n de non aceptalas.<br \/>No caso das cookies de Google Analytics, esta empresa almacena cookies en servidores situados nos Estados Unidos e acepta non compartilo con terceiros, excepto nos casos en que sexa necesario para o funcionamento do sistema ou cando a lei o esixa. tal efecto. Segundo Google, non garda o teu enderezo IP. Google Inc. \u00e9 unha empresa adherida ao acordo de seguro de porto que garante que todos os datos transferidos ser\u00e1n tratados cun nivel de protecci\u00f3n de acordo coa normativa europea. Podes consultar informaci\u00f3n detallada ao respecto nesta ligaz\u00f3n. Se desexa informaci\u00f3n sobre o uso que Google d\u00e1 \u00e1s cookies, adxuntamos esta outra ligaz\u00f3n.<\/p><p>Para calquera d\u00fabida ou pregunta sobre esta pol\u00edtica de cookies non dubide en contactar connosco a trav\u00e9s da secci\u00f3n de contacto.<\/p><p>O detalle das\u00a0 cookies utilizadas nesta p\u00e1xina web \u00e9 o seguinte:<\/p><table><tbody><tr><td><p><b>COOKIE<\/b><\/p><\/td><td><p><b>TIPO<\/b><\/p><\/td><td><p><b>PROP\u00d3SITO<\/b><\/p><\/td><\/tr><tr><td><p><b>Google Analytics<\/b><\/p><\/td><td><p><b>De terceiros<\/b><\/p><\/td><td><p>Recoller informaci\u00f3n sobre a navegaci\u00f3n dos usuarios polo sitio co fin de co\u00f1ecer a orixe das visitas e outros datos similares a nivel estat\u00edstico. Non obt\u00e9n datos dos nomes ou apelidos dos usuarios nin da direcci\u00f3n postal concreta desde onde se conectan.<\/p><\/td><\/tr><\/tbody><\/table><p>Para as\u00a0 cookies de an\u00e1lises e de publicidade necesitamos o seu consentimento que poderemos obter se pulsa no bot\u00f3n \u201cAcepto\u201d na mensaxe de informaci\u00f3n que se mostra ao acceder \u00e1 nosa p\u00e1xina web.<\/p><p>Se desactiva as\u00a0 cookies, poder\u00e1 seguir accedendo \u00e1 web pero poida que a navegaci\u00f3n por esta non sexa \u00f3ptima e alg\u00fan dos servizos ofrecidos non funcionen correctamente.<\/p><p>Se nun futuro oferradomarelo.com chegase a utilizar tipos de\u00a0 cookies diferentes \u00e1s contempladas nesta Pol\u00edtica de\u00a0 Cookies para prestar novos servizos ou fose necesario adaptala a novas esixencias lexislativas, notificar\u00e9mosllo.<\/p><p><b><i>\u00bfComo podo desactivar ou eliminar as\u00a0 cookies?<\/i><\/b><\/p><p>Te\u00f1a en conta que, se acepta as\u00a0 cookies de terceiros, deber\u00e1 eliminalas desde as opci\u00f3ns do navegador ou desde o sistema ofrecido polo propio terceiro. Pode vostede permitir, bloquear ou eliminar as\u00a0 cookies instaladas no seu equipo mediante a configuraci\u00f3n das opci\u00f3ns do navegador instalado no seu computador.<\/p><ul><li><a href=\"https:\/\/support.microsoft.com\/es-es\/help\/17442\/windows-internet-explorer-delete-manage-cookies\">Microsoft Internet Explorer<\/a>: men\u00fa Ferramentas &gt; Opci\u00f3ns da internet &gt; Privacidade&gt; Configuraci\u00f3n.\u00a0<\/li><li><a href=\"https:\/\/support.mozilla.org\/es\/kb\/habilitar-y-deshabilitar-cookies-sitios-web-rastrear-preferencias?redirectlocale=es&amp;redirectslug=habilitar-y-deshabilitar-cookies-que-los-sitios-we\">Firefox<\/a>: men\u00fa Ferramentas &gt; Opci\u00f3ns &gt; Privacidade &gt; Cookies.\u00a0<\/li><li><a href=\"https:\/\/support.google.com\/accounts\/answer\/61416?hl=es\">Chrome<\/a>: men\u00fa Opci\u00f3ns &gt; Opci\u00f3ns avanzadas &gt; Privacidade.\u00a0<\/li><li><a href=\"https:\/\/support.apple.com\/es-es\/guide\/safari\/sfri11471\/mac\">Safari:<\/a>\u00a0men\u00fa Preferencias\/Privacidade.\u00a0<\/li><li><a href=\"https:\/\/support.apple.com\/es-es\/HT201265\">Safari para IOS<\/a>\u00a0(iPhone y iPad): Opci\u00f3n Axustes &gt; Safari<\/li><li><a href=\"https:\/\/support.google.com\/chrome\/answer\/95647?co=GENIE.Platform%3DAndroid&amp;hl=es-419\">Chrome para Android<\/a>: Configuraci\u00f3n &gt; Configuraci\u00f3n de sitios web &gt; Cookies<b>\u00a0<\/b><\/li><\/ul><p><b>Outros navegadores:\u00a0<\/b>consulte a documentaci\u00f3n do navegador que te\u00f1a instalado.<\/p>\t\t\t\t\t\t\t\t<\/div>\n\t\t\t\t<\/div>\n\t\t\t\t\t<\/div>\n\t\t\t\t<\/div>\n\t\t\t\t<\/div>\n\t\t","protected":false},"excerpt":{"rendered":"<p>POL\u00cdTICA DE COOKIES POL\u00cdTICA DE COOKIES Unha cookie \u00e9 un pequeno ficheiro de texto que se garda no seu navegador cando visita case calquera p\u00e1xina web. A s\u00faa utilidade \u00e9 que a web \u00e9 capaz de lembrar a s\u00faa visita cando navegue de novo por esa p\u00e1xina. As cookies adoitan almacenar informaci\u00f3n t\u00e9cnica, preferencias persoais, &#8230; <a title=\"Pol\u00edtica de cookies\" class=\"read-more\" href=\"https:\/\/oferradomarelo.com\/index.php\/politica-de-cookies\/\" aria-label=\"Leer m\u00e1s sobre Pol\u00edtica de cookies\">Leer m\u00e1s<\/a><\/p>\n","protected":false},"author":2,"featured_media":0,"parent":0,"menu_order":0,"comment_status":"closed","ping_status":"closed","template":"elementor_canvas","meta":{"footnotes":""},"class_list":["post-308","page","type-page","status-publish"],"aioseo_notices":[],"_links":{"self":[{"href":"https:\/\/oferradomarelo.com\/index.php\/wp-json\/wp\/v2\/pages\/308","targetHints":{"allow":["GET"]}}],"collection":[{"href":"https:\/\/oferradomarelo.com\/index.php\/wp-json\/wp\/v2\/pages"}],"about":[{"href":"https:\/\/oferradomarelo.com\/index.php\/wp-json\/wp\/v2\/types\/page"}],"author":[{"embeddable":true,"href":"https:\/\/oferradomarelo.com\/index.php\/wp-json\/wp\/v2\/users\/2"}],"replies":[{"embeddable":true,"href":"https:\/\/oferradomarelo.com\/index.php\/wp-json\/wp\/v2\/comments?post=308"}],"version-history":[{"count":4,"href":"https:\/\/oferradomarelo.com\/index.php\/wp-json\/wp\/v2\/pages\/308\/revisions"}],"predecessor-version":[{"id":312,"href":"https:\/\/oferradomarelo.com\/index.php\/wp-json\/wp\/v2\/pages\/308\/revisions\/312"}],"wp:attachment":[{"href":"https:\/\/oferradomarelo.com\/index.php\/wp-json\/wp\/v2\/media?parent=308"}],"curies":[{"name":"wp","href":"https:\/\/api.w.org\/{rel}","templated":true}]}}