{"id":284,"date":"2024-04-23T10:59:09","date_gmt":"2024-04-23T10:59:09","guid":{"rendered":"https:\/\/oferradomarelo.com\/?page_id=284"},"modified":"2024-04-23T11:12:50","modified_gmt":"2024-04-23T11:12:50","slug":"aviso-legal","status":"publish","type":"page","link":"https:\/\/oferradomarelo.com\/index.php\/aviso-legal\/","title":{"rendered":"Aviso legal"},"content":{"rendered":"\t\t<div data-elementor-type=\"wp-page\" data-elementor-id=\"284\" class=\"elementor elementor-284\">\n\t\t\t\t<div class=\"elementor-element elementor-element-c347530 e-con-full e-flex e-con e-parent\" data-id=\"c347530\" data-element_type=\"container\">\n\t\t\t\t<div class=\"elementor-element elementor-element-34b551e elementor-widget-divider--view-line elementor-widget elementor-widget-divider\" data-id=\"34b551e\" data-element_type=\"widget\" data-widget_type=\"divider.default\">\n\t\t\t\t<div class=\"elementor-widget-container\">\n\t\t\t\t\t\t\t<div class=\"elementor-divider\">\n\t\t\t<span class=\"elementor-divider-separator\">\n\t\t\t\t\t\t<\/span>\n\t\t<\/div>\n\t\t\t\t\t\t<\/div>\n\t\t\t\t<\/div>\n\t\t\t\t<\/div>\n\t\t<div class=\"elementor-element elementor-element-fe5e01b e-flex e-con-boxed e-con e-parent\" data-id=\"fe5e01b\" data-element_type=\"container\">\n\t\t\t\t\t<div class=\"e-con-inner\">\n\t\t\t\t<div class=\"elementor-element elementor-element-e6fc031 elementor-widget elementor-widget-spacer\" data-id=\"e6fc031\" data-element_type=\"widget\" data-widget_type=\"spacer.default\">\n\t\t\t\t<div class=\"elementor-widget-container\">\n\t\t\t\t\t\t\t<div class=\"elementor-spacer\">\n\t\t\t<div class=\"elementor-spacer-inner\"><\/div>\n\t\t<\/div>\n\t\t\t\t\t\t<\/div>\n\t\t\t\t<\/div>\n\t\t\t\t\t<\/div>\n\t\t\t\t<\/div>\n\t\t<div class=\"elementor-element elementor-element-e047439 elementor-hidden-mobile e-flex e-con-boxed e-con e-parent\" data-id=\"e047439\" data-element_type=\"container\">\n\t\t\t\t\t<div class=\"e-con-inner\">\n\t\t<div class=\"elementor-element elementor-element-b96cfce e-con-full e-flex e-con e-child\" data-id=\"b96cfce\" data-element_type=\"container\">\n\t\t\t\t<div class=\"elementor-element elementor-element-c66c8a5 elementor-invisible elementor-widget elementor-widget-image\" data-id=\"c66c8a5\" data-element_type=\"widget\" data-settings=\"{&quot;_animation&quot;:&quot;fadeInLeft&quot;}\" data-widget_type=\"image.default\">\n\t\t\t\t<div class=\"elementor-widget-container\">\n\t\t\t\t\t\t\t\t\t\t\t\t\t\t\t<img decoding=\"async\" src=\"https:\/\/oferradomarelo.com\/wp-content\/uploads\/2024\/01\/icono-gris-ferrado-marelo-e1706012445747.png\" title=\"icono-gris-ferrado-marelo\" alt=\"icono-gris-ferrado-marelo\" loading=\"lazy\" \/>\t\t\t\t\t\t\t\t\t\t\t\t\t\t\t<\/div>\n\t\t\t\t<\/div>\n\t\t\t\t<\/div>\n\t\t<div class=\"elementor-element elementor-element-b76fc1d e-con-full e-flex e-con e-child\" data-id=\"b76fc1d\" data-element_type=\"container\">\n\t\t\t\t<div class=\"elementor-element elementor-element-0cdfc1b elementor-invisible elementor-widget elementor-widget-text-editor\" data-id=\"0cdfc1b\" data-element_type=\"widget\" data-settings=\"{&quot;_animation&quot;:&quot;fadeInUp&quot;}\" data-widget_type=\"text-editor.default\">\n\t\t\t\t<div class=\"elementor-widget-container\">\n\t\t\t\t\t\t\t\t\t<h2 style=\"text-align: center;\"><span style=\"color: #000000;\">AVISO LEGAL<\/span><\/h2>\t\t\t\t\t\t\t\t<\/div>\n\t\t\t\t<\/div>\n\t\t\t\t<\/div>\n\t\t<div class=\"elementor-element elementor-element-d7c7b1b e-con-full e-flex e-con e-child\" data-id=\"d7c7b1b\" data-element_type=\"container\">\n\t\t\t\t<div class=\"elementor-element elementor-element-2bfd6ae elementor-invisible elementor-widget elementor-widget-image\" data-id=\"2bfd6ae\" data-element_type=\"widget\" data-settings=\"{&quot;_animation&quot;:&quot;fadeInRight&quot;}\" data-widget_type=\"image.default\">\n\t\t\t\t<div class=\"elementor-widget-container\">\n\t\t\t\t\t\t\t\t\t\t\t\t\t\t\t<img decoding=\"async\" src=\"https:\/\/oferradomarelo.com\/wp-content\/uploads\/2024\/01\/icono-gris-ferrado-marelo-e1706012445747.png\" title=\"icono-gris-ferrado-marelo\" alt=\"icono-gris-ferrado-marelo\" loading=\"lazy\" \/>\t\t\t\t\t\t\t\t\t\t\t\t\t\t\t<\/div>\n\t\t\t\t<\/div>\n\t\t\t\t<\/div>\n\t\t\t\t\t<\/div>\n\t\t\t\t<\/div>\n\t\t<div class=\"elementor-element elementor-element-aa01267 elementor-hidden-desktop elementor-hidden-tablet e-flex e-con-boxed e-con e-parent\" data-id=\"aa01267\" data-element_type=\"container\">\n\t\t\t\t\t<div class=\"e-con-inner\">\n\t\t<div class=\"elementor-element elementor-element-881a459 e-con-full e-flex e-con e-child\" data-id=\"881a459\" data-element_type=\"container\">\n\t\t\t\t<div class=\"elementor-element elementor-element-0d01069 elementor-invisible elementor-widget elementor-widget-image\" data-id=\"0d01069\" data-element_type=\"widget\" data-settings=\"{&quot;_animation&quot;:&quot;fadeInRight&quot;}\" data-widget_type=\"image.default\">\n\t\t\t\t<div class=\"elementor-widget-container\">\n\t\t\t\t\t\t\t\t\t\t\t\t\t\t\t<img decoding=\"async\" src=\"https:\/\/oferradomarelo.com\/wp-content\/uploads\/2024\/01\/icono-gris-ferrado-marelo-e1706012445747.png\" title=\"icono-gris-ferrado-marelo\" alt=\"icono-gris-ferrado-marelo\" loading=\"lazy\" \/>\t\t\t\t\t\t\t\t\t\t\t\t\t\t\t<\/div>\n\t\t\t\t<\/div>\n\t\t\t\t<\/div>\n\t\t<div class=\"elementor-element elementor-element-4cf93fd e-con-full e-flex e-con e-child\" data-id=\"4cf93fd\" data-element_type=\"container\">\n\t\t\t\t<div class=\"elementor-element elementor-element-694cec8 elementor-invisible elementor-widget elementor-widget-text-editor\" data-id=\"694cec8\" data-element_type=\"widget\" data-settings=\"{&quot;_animation&quot;:&quot;fadeInUp&quot;}\" data-widget_type=\"text-editor.default\">\n\t\t\t\t<div class=\"elementor-widget-container\">\n\t\t\t\t\t\t\t\t\t<h2 style=\"text-align: center;\"><span style=\"color: #000000;\">AVISO LEGAL<\/span><\/h2>\t\t\t\t\t\t\t\t<\/div>\n\t\t\t\t<\/div>\n\t\t\t\t<\/div>\n\t\t<div class=\"elementor-element elementor-element-70ab41b e-con-full e-flex e-con e-child\" data-id=\"70ab41b\" data-element_type=\"container\">\n\t\t\t\t<div class=\"elementor-element elementor-element-a20349d elementor-invisible elementor-widget elementor-widget-image\" data-id=\"a20349d\" data-element_type=\"widget\" data-settings=\"{&quot;_animation&quot;:&quot;fadeInLeft&quot;}\" data-widget_type=\"image.default\">\n\t\t\t\t<div class=\"elementor-widget-container\">\n\t\t\t\t\t\t\t\t\t\t\t\t\t\t\t<img decoding=\"async\" src=\"https:\/\/oferradomarelo.com\/wp-content\/uploads\/2024\/01\/icono-gris-ferrado-marelo-e1706012445747.png\" title=\"icono-gris-ferrado-marelo\" alt=\"icono-gris-ferrado-marelo\" loading=\"lazy\" \/>\t\t\t\t\t\t\t\t\t\t\t\t\t\t\t<\/div>\n\t\t\t\t<\/div>\n\t\t\t\t<\/div>\n\t\t\t\t\t<\/div>\n\t\t\t\t<\/div>\n\t\t<div class=\"elementor-element elementor-element-c8b9b25 e-flex e-con-boxed e-con e-parent\" data-id=\"c8b9b25\" data-element_type=\"container\">\n\t\t\t\t\t<div class=\"e-con-inner\">\n\t\t\t\t<div class=\"elementor-element elementor-element-89c3c1f elementor-widget elementor-widget-spacer\" data-id=\"89c3c1f\" data-element_type=\"widget\" data-widget_type=\"spacer.default\">\n\t\t\t\t<div class=\"elementor-widget-container\">\n\t\t\t\t\t\t\t<div class=\"elementor-spacer\">\n\t\t\t<div class=\"elementor-spacer-inner\"><\/div>\n\t\t<\/div>\n\t\t\t\t\t\t<\/div>\n\t\t\t\t<\/div>\n\t\t\t\t\t<\/div>\n\t\t\t\t<\/div>\n\t\t<div class=\"elementor-element elementor-element-8e5e67c e-flex e-con-boxed e-con e-parent\" data-id=\"8e5e67c\" data-element_type=\"container\">\n\t\t\t\t\t<div class=\"e-con-inner\">\n\t\t\t\t<div class=\"elementor-element elementor-element-fad3967 elementor-widget elementor-widget-text-editor\" data-id=\"fad3967\" data-element_type=\"widget\" data-widget_type=\"text-editor.default\">\n\t\t\t\t<div class=\"elementor-widget-container\">\n\t\t\t\t\t\t\t\t\t<p>Titularidade<\/p><p>O dominio oferradomarelo.com \u00e9 propiedade de Patricia P\u00e9rez Leal.<\/p><p>Concepto web e a s\u00faa funci\u00f3n<\/p><p>A p\u00e1xina web oferradomarelo.com, e todos os subdominios e directorios inclu\u00eddos nela (en adiante denominada en com\u00fan \u201cWeb\u201d), cumpren a funci\u00f3n de informaci\u00f3n xeral e de atenci\u00f3n ao cliente nos termos do disposto no artigo. 4 do Real decreto 208\/1996, do 9 de febreiro, polo que se regula a informaci\u00f3n administrativa e a atenci\u00f3n ao cidad\u00e1n.<\/p><p>Propiedade intelectual e industrial nos contidos da p\u00e1xina<\/p><p>Dese\u00f1o e logotipos<\/p><p>A estrutura do sitio web, o seu dese\u00f1o e o seu c\u00f3digo fonte, as\u00ed como os logotipos e marcas inclu\u00eddas nel son propiedade de oferradomarelo.com e est\u00e1n protexidos pola normativa de propiedade intelectual e industrial. Non se poder\u00e1n realizar actos de reproduci\u00f3n, modificaci\u00f3n, distribuci\u00f3n, comunicaci\u00f3n p\u00fablica e, en xeral, calquera outra forma de explotaci\u00f3n, por ning\u00fan procedemento, sen o previo consentimento por escrito de oferradomarelo.com<\/p><p>Contidos<\/p><p>Todos aqueles contidos inclu\u00eddos no sitio web son propiedade de oferradomarelo.com e est\u00e1n suxeitos \u00e1 licenza particular que os acompa\u00f1a. A reproduci\u00f3n, distribuci\u00f3n, comunicaci\u00f3n p\u00fablica e, en xeral, calquera outra forma de explotaci\u00f3n, por calquera procedemento, est\u00e1n autorizados nos termos indicados en cada licenza particular.<\/p><p>No caso de que un contido non estea acompa\u00f1ado dunha determinada licenza, autor\u00edzase a reproduci\u00f3n, modificaci\u00f3n, distribuci\u00f3n e comunicaci\u00f3n total ou parcial do mesmo, para usos comerciais e non comerciais, suxeitas \u00e1s seguintes condici\u00f3ns:<\/p><p>* Est\u00e1 prohibida a desnaturalizaci\u00f3n do contido en calquera circunstancia.<br \/>* O usuario est\u00e1 obrigado en todo caso a citar a orixe do contido.<br \/>* O usuario est\u00e1 obrigado a mencionar a data da \u00faltima actualizaci\u00f3n dos contidos.<br \/>Disposici\u00f3ns com\u00fans<\/p><p>oferradomarelo.com non asumir\u00e1 ningunha responsabilidade derivada do uso por terceiros do contido do sitio web e poder\u00e1 exercer todas as acci\u00f3ns civ\u00eds ou penais que lle correspondan en caso de infracci\u00f3n destes dereitos por parte do usuario. Est\u00e1 absolutamente prohibido o uso do sitio web ou calquera dos seus elementos con fins ilegais.<\/p><p>Protecci\u00f3n de datos persoais<\/p><p>oferradomarelo.com \u00e9 a entidade responsable do ficheiro de datos xerado cos datos persoais subministrados polos usuarios do seu sitio web. De conformidade coa Lei org\u00e1nica 15\/1999, do 13 de decembro, de protecci\u00f3n de datos de car\u00e1cter persoal, oferradomarelo.com comprom\u00e9tese a cumprir a s\u00faa obriga de segredo respecto dos datos persoais e o deber de tratalos de forma confidencial. Para estes efectos, adoptar\u00e1 as medidas necesarias para evitar a s\u00faa alteraci\u00f3n, perda, tratamento ou acceso non autorizado. A recollida e tratamento automatizado de datos persoais est\u00e1 destinado \u00e1 xesti\u00f3n, subministraci\u00f3n, ampliaci\u00f3n e mellora dos servizos para o usuario, as\u00ed como \u00e1 xesti\u00f3n da informaci\u00f3n proporcionada nas solicitudes de rexistro. O usuario poder\u00e1 exercer en calquera momento os dereitos de acceso, rectificaci\u00f3n, cancelaci\u00f3n ou oposici\u00f3n, escribindo a oferradomarelo.com, acompa\u00f1ado dunha fotocopia da D.N.I.<\/p><p>Cookies<\/p><p>O sitio web oferradomarelo.com usa \u201ccookies\u201d (pequenos ficheiros de informaci\u00f3n que o servidor do sitio web env\u00eda ao ordenador da persoa que accede \u00e1 p\u00e1xina) na medida necesaria para o bo funcionamento e exhibici\u00f3n do sitio web por parte do usuario. As \u201ccookies\u201d utilizadas no sitio web son, en todo caso, temporais e desaparecen cando finaliza a sesi\u00f3n de usuario. En ning\u00fan caso se empregar\u00e1n \u201ccookies\u201d para recoller informaci\u00f3n persoal.<\/p><p>Modificaci\u00f3ns<\/p><p>Co fin de mellorar os beneficios do sitio web, oferradomarelo.com res\u00e9rvase o dereito, en calquera momento e sen notificaci\u00f3n previa ao usuario, de modificar, ampliar ou suspender temporalmente a presentaci\u00f3n, configuraci\u00f3n, especificaci\u00f3ns t\u00e9cnicas e servizos da web. sitio web, de xeito unilateral. Tam\u00e9n se reserva o dereito a modificar estas condici\u00f3ns de uso en calquera momento as\u00ed como calquera outras condici\u00f3ns particulares.<\/p><p>Exclusi\u00f3n de responsabilidade<\/p><p>oferradomarelo.com non se fai responsable dos erros tipogr\u00e1ficos, formais ou num\u00e9ricos que poida conter o sitio web, nin da precisi\u00f3n da informaci\u00f3n contida nel.<\/p><p>Hiperenlaces<\/p><p>Os hiperenlaces contidos no sitio web oferradomarelo.com poden levar a sitios web de terceiros. oferradomarelo.com non asume ningunha responsabilidade polo contido, informaci\u00f3n ou servizos que poidan aparecer ou prestarse nestes sitios, que te\u00f1en Exclusivamente informativo, e en ning\u00fan caso implica ningunha relaci\u00f3n entre oferradomarelo.com e as persoas ou entidades propietarias deste contido ou os propietarios dos sitios onde se atopan.<\/p>\t\t\t\t\t\t\t\t<\/div>\n\t\t\t\t<\/div>\n\t\t\t\t\t<\/div>\n\t\t\t\t<\/div>\n\t\t\t\t<\/div>\n\t\t","protected":false},"excerpt":{"rendered":"<p>AVISO LEGAL AVISO LEGAL Titularidade O dominio oferradomarelo.com \u00e9 propiedade de Patricia P\u00e9rez Leal. Concepto web e a s\u00faa funci\u00f3n A p\u00e1xina web oferradomarelo.com, e todos os subdominios e directorios inclu\u00eddos nela (en adiante denominada en com\u00fan \u201cWeb\u201d), cumpren a funci\u00f3n de informaci\u00f3n xeral e de atenci\u00f3n ao cliente nos termos do disposto no artigo. &#8230; <a title=\"Aviso legal\" class=\"read-more\" href=\"https:\/\/oferradomarelo.com\/index.php\/aviso-legal\/\" aria-label=\"Leer m\u00e1s sobre Aviso legal\">Leer m\u00e1s<\/a><\/p>\n","protected":false},"author":2,"featured_media":0,"parent":0,"menu_order":0,"comment_status":"closed","ping_status":"closed","template":"elementor_canvas","meta":{"footnotes":""},"class_list":["post-284","page","type-page","status-publish"],"aioseo_notices":[],"_links":{"self":[{"href":"https:\/\/oferradomarelo.com\/index.php\/wp-json\/wp\/v2\/pages\/284","targetHints":{"allow":["GET"]}}],"collection":[{"href":"https:\/\/oferradomarelo.com\/index.php\/wp-json\/wp\/v2\/pages"}],"about":[{"href":"https:\/\/oferradomarelo.com\/index.php\/wp-json\/wp\/v2\/types\/page"}],"author":[{"embeddable":true,"href":"https:\/\/oferradomarelo.com\/index.php\/wp-json\/wp\/v2\/users\/2"}],"replies":[{"embeddable":true,"href":"https:\/\/oferradomarelo.com\/index.php\/wp-json\/wp\/v2\/comments?post=284"}],"version-history":[{"count":10,"href":"https:\/\/oferradomarelo.com\/index.php\/wp-json\/wp\/v2\/pages\/284\/revisions"}],"predecessor-version":[{"id":307,"href":"https:\/\/oferradomarelo.com\/index.php\/wp-json\/wp\/v2\/pages\/284\/revisions\/307"}],"wp:attachment":[{"href":"https:\/\/oferradomarelo.com\/index.php\/wp-json\/wp\/v2\/media?parent=284"}],"curies":[{"name":"wp","href":"https:\/\/api.w.org\/{rel}","templated":true}]}}